{"id":104,"date":"2025-11-08T17:43:16","date_gmt":"2025-11-08T17:43:16","guid":{"rendered":"https:\/\/mirdeniz.com.tr\/?page_id=104"},"modified":"2025-11-09T15:43:02","modified_gmt":"2025-11-09T15:43:02","slug":"yonetim-maddeleri","status":"publish","type":"page","link":"https:\/\/mirdeniz.com.tr\/?page_id=104","title":{"rendered":"MBT-Maddeleri"},"content":{"rendered":"\n<h3 class=\"wp-block-heading\">Genel Maddeler<\/h3>\n\n\n\n<ol class=\"wp-block-list\">\n<li>Mirdeniz Bili\u015fim Teknolojileri Y\u00f6netim Ekibi d\u0131\u015f\u0131nda bu maddeler de\u011fi\u015ftirilemez.<\/li>\n\n\n\n<li>\u0130\u015fletme i\u00e7inde ve Online Gruplarda Din , Dil , Irk , Mezhep Vb. alakal\u0131 kavga tart\u0131\u015fma yap\u0131lmas\u0131 yasakt\u0131r.<\/li>\n\n\n\n<li>\u0130\u015fletmede Devlet-i Aliyye-i Osmaniyye&#8217;nin herhangi bir padi\u015fah\u0131na k\u00fcf\u00fcr, hakaret ve a\u015fa\u011f\u0131lanmas\u0131 yasakt\u0131r.<\/li>\n\n\n\n<li>\u0130\u015fletme mal\u0131na verilen herhangi bir zarar veya hasar veren ki\u015fi taraf\u0131ndan tamir ettirilir.<\/li>\n\n\n\n<li>Kurallar \u00d6n\u00fcnde Herkez E\u015fittir.<\/li>\n\n\n\n<li>MaviNetwork, Mirdeniz Bili\u015fim Teknolojileri taraf\u0131ndan tasarlanan bir minecraft sunucusudur. MaviNetwork Sat\u0131lamaz, Kiralanamaz veya devredilemez.<\/li>\n\n\n\n<li>MaviProject, Mavi Network ve diyer Tasarlanan minecraft paketleri ve hizmetlerinin yap\u0131ld\u0131\u011f\u0131 ve tasarland\u0131\u011f\u0131 Mirdeniz Bili\u015fim Teknolojilerine ait bir Project Firmas\u0131d\u0131r<\/li>\n\n\n\n<li>Mirdeniz Bili\u015fim Teknolojilerinin Merkezi Y\u00f6netim ve \u0130dari Adresi \u00c7ak\u0131rlar Mah. 6402 Samsun \/ Atakum dur. De\u011fi\u015ftirilemez<\/li>\n\n\n\n<li>Harhangi bir M\u00fc\u015fterinin veya Ekib \u00fcyesinin \u00f6zel bilgilerinin d\u0131\u015far\u0131 aktar\u0131lmas\u0131 yasakt\u0131r<\/li>\n\n\n\n<li>\u0130\u015fletme i\u00e7inde i\u00e7inde herhangi bir g\u00fcvenlik olay\u0131 olmamas\u0131 i\u00e7in i\u015fletme 7\/24 kamera ile izlenmektedir.<\/li>\n\n\n\n<li>4207 say\u0131l\u0131 kanunca \u0130\u015fletme i\u00e7inde sigara veya t\u00fct\u00fcn \u00fcr\u00fcnlerinin kullan\u0131lmas\u0131 yasakt\u0131r.<\/li>\n<\/ol>\n","protected":false},"excerpt":{"rendered":"<p>Genel Maddeler<\/p>\n","protected":false},"author":1,"featured_media":0,"parent":0,"menu_order":0,"comment_status":"closed","ping_status":"closed","template":"","meta":{"footnotes":""},"class_list":["post-104","page","type-page","status-publish","hentry"],"_links":{"self":[{"href":"https:\/\/mirdeniz.com.tr\/index.php?rest_route=\/wp\/v2\/pages\/104","targetHints":{"allow":["GET"]}}],"collection":[{"href":"https:\/\/mirdeniz.com.tr\/index.php?rest_route=\/wp\/v2\/pages"}],"about":[{"href":"https:\/\/mirdeniz.com.tr\/index.php?rest_route=\/wp\/v2\/types\/page"}],"author":[{"embeddable":true,"href":"https:\/\/mirdeniz.com.tr\/index.php?rest_route=\/wp\/v2\/users\/1"}],"replies":[{"embeddable":true,"href":"https:\/\/mirdeniz.com.tr\/index.php?rest_route=%2Fwp%2Fv2%2Fcomments&post=104"}],"version-history":[{"count":3,"href":"https:\/\/mirdeniz.com.tr\/index.php?rest_route=\/wp\/v2\/pages\/104\/revisions"}],"predecessor-version":[{"id":112,"href":"https:\/\/mirdeniz.com.tr\/index.php?rest_route=\/wp\/v2\/pages\/104\/revisions\/112"}],"wp:attachment":[{"href":"https:\/\/mirdeniz.com.tr\/index.php?rest_route=%2Fwp%2Fv2%2Fmedia&parent=104"}],"curies":[{"name":"wp","href":"https:\/\/api.w.org\/{rel}","templated":true}]}}